{"id":17,"date":"2026-03-01T13:27:20","date_gmt":"2026-03-01T12:27:20","guid":{"rendered":"https:\/\/wordpress2680343.home.pl\/autoinstalator\/wordpresspluslscache\/?page_id=17"},"modified":"2026-03-01T17:20:55","modified_gmt":"2026-03-01T16:20:55","slug":"usg","status":"publish","type":"page","link":"https:\/\/usgmedlex.opole.pl\/?page_id=17","title":{"rendered":"USG"},"content":{"rendered":"\n<div class=\"wp-block-columns is-layout-flex wp-container-core-columns-is-layout-28f84493 wp-block-columns-is-layout-flex\">\n<div class=\"wp-block-column is-layout-flow wp-block-column-is-layout-flow\">\n<p class=\"is-style-text-annotation has-text-color has-link-color has-large-font-size wp-elements-58c60e73972576bef07da922318ddb15 is-style-text-annotation--1\" style=\"color:#57a3dc\"><strong><strong>Badania diagnostyczne<\/strong><\/strong><\/p>\n\n\n\n<div style=\"height:2px\" aria-hidden=\"true\" class=\"wp-block-spacer\"><\/div>\n\n\n\n<h3 class=\"wp-block-heading\"><strong>USG<\/strong><\/h3>\n\n\n\n<div style=\"height:8px\" aria-hidden=\"true\" class=\"wp-block-spacer\"><\/div>\n\n\n\n<h3 class=\"wp-block-heading\"><strong><strong>USG DOPPLER<\/strong><\/strong><\/h3>\n\n\n\n<div style=\"height:8px\" aria-hidden=\"true\" class=\"wp-block-spacer\"><\/div>\n\n\n\n<h3 class=\"wp-block-heading\"><strong><strong>INNE ( konsultacje wykonanych bada\u0144 RTG, TK i MR)<\/strong><\/strong><\/h3>\n\n\n\n<div style=\"height:30px\" aria-hidden=\"true\" class=\"wp-block-spacer\"><\/div>\n\n\n\n<p class=\"has-contrast-color has-text-color has-link-color wp-elements-30806ab55a43263afdb561fd85e4a56c\"><em><strong>Istnieje mo\u017cliwo\u015b\u0107 komunikacji w j\u0119zyku angielskim i niemieckim.<\/strong><\/em><\/p>\n<\/div>\n\n\n\n<div class=\"wp-block-column is-layout-flow wp-block-column-is-layout-flow\">\n<p class=\"is-style-text-annotation has-text-color has-link-color has-large-font-size wp-elements-241348c9a7da72e83f96e0bf3439ab9f is-style-text-annotation--2\" style=\"color:#57a3dc\"><strong><strong>Rodzaje wykonywanych bada\u0144 <\/strong><\/strong><\/p>\n\n\n\n<div data-wp-context=\"{ &quot;autoclose&quot;: false, &quot;accordionItems&quot;: [] }\" data-wp-interactive=\"core\/accordion\" role=\"group\" class=\"wp-block-accordion is-layout-flow wp-block-accordion-is-layout-flow\">\n<div data-wp-class--is-open=\"state.isOpen\" data-wp-context=\"{ &quot;id&quot;: &quot;accordion-item-3&quot;, &quot;openByDefault&quot;: false }\" data-wp-init=\"callbacks.initAccordionItems\" data-wp-on-window--hashchange=\"callbacks.hashChange\" class=\"wp-block-accordion-item is-layout-flow wp-block-accordion-item-is-layout-flow\">\n<h3 class=\"wp-block-accordion-heading has-contrast-color has-text-color has-link-color wp-elements-3d9cd4d99fa65b75c0e042ae20c8416d\"><button aria-expanded=\"false\" aria-controls=\"accordion-item-3-panel\" data-wp-bind--aria-expanded=\"state.isOpen\" data-wp-on--click=\"actions.toggle\" data-wp-on--keydown=\"actions.handleKeyDown\" id=\"accordion-item-3\" type=\"button\" class=\"wp-block-accordion-heading__toggle\"><span class=\"wp-block-accordion-heading__toggle-title\"><strong>USG<\/strong><\/span><span class=\"wp-block-accordion-heading__toggle-icon\" aria-hidden=\"true\">+<\/span><\/button><\/h3>\n\n\n\n<div inert aria-labelledby=\"accordion-item-3\" data-wp-bind--inert=\"!state.isOpen\" id=\"accordion-item-3-panel\" role=\"region\" class=\"wp-block-accordion-panel is-layout-flow wp-block-accordion-panel-is-layout-flow\">\n<h4 class=\"wp-block-heading is-style-default has-background has-medium-font-size\" style=\"border-top-left-radius:30px;border-top-right-radius:30px;border-bottom-left-radius:30px;border-bottom-right-radius:30px;background-color:#57a3dc\"><strong>USG jamy brzusznej &#8211; z ocen\u0105 narz\u0105d\u00f3w miednicy mniejszej ( w tym gruczo\u0142u krokowego)<\/strong><\/h4>\n\n\n\n<h4 class=\"wp-block-heading is-style-default has-background has-medium-font-size\" style=\"border-top-left-radius:30px;border-top-right-radius:30px;border-bottom-left-radius:30px;border-bottom-right-radius:30px;background-color:#57a3dc\"><strong>USG tarczycy i przytarczyc<\/strong><\/h4>\n\n\n\n<h4 class=\"wp-block-heading is-style-default has-background has-medium-font-size\" style=\"border-top-left-radius:30px;border-top-right-radius:30px;border-bottom-left-radius:30px;border-bottom-right-radius:30px;background-color:#57a3dc\"><strong>USG \u015blinianek<\/strong><\/h4>\n\n\n\n<h4 class=\"wp-block-heading is-style-default has-background has-medium-font-size\" style=\"border-top-left-radius:30px;border-top-right-radius:30px;border-bottom-left-radius:30px;border-bottom-right-radius:30px;background-color:#57a3dc\"><strong>USG w\u0119z\u0142\u00f3w ch\u0142onnych<\/strong><\/h4>\n\n\n\n<h4 class=\"wp-block-heading is-style-default has-background has-medium-font-size\" style=\"border-top-left-radius:30px;border-top-right-radius:30px;border-bottom-left-radius:30px;border-bottom-right-radius:30px;background-color:#57a3dc\"><strong>USG piersi, wraz z w\u0119z\u0142ami ch\u0142onnymi pachowymi<\/strong><\/h4>\n\n\n\n<h4 class=\"wp-block-heading is-style-default has-background has-medium-font-size\" style=\"border-top-left-radius:30px;border-top-right-radius:30px;border-bottom-left-radius:30px;border-bottom-right-radius:30px;background-color:#57a3dc\"><strong>USG tkanek mi\u0119kkich<\/strong><\/h4>\n\n\n\n<h4 class=\"wp-block-heading is-style-default has-background has-medium-font-size\" style=\"border-top-left-radius:30px;border-top-right-radius:30px;border-bottom-left-radius:30px;border-bottom-right-radius:30px;background-color:#57a3dc\"><strong>USG j\u0105der<\/strong><\/h4>\n\n\n\n<h4 class=\"wp-block-heading is-style-default has-background has-medium-font-size\" style=\"border-top-left-radius:30px;border-top-right-radius:30px;border-bottom-left-radius:30px;border-bottom-right-radius:30px;background-color:#57a3dc\"><strong>USG przezciemieniowe<\/strong><\/h4>\n\n\n\n<h4 class=\"wp-block-heading is-style-default has-background has-medium-font-size\" style=\"border-top-left-radius:30px;border-top-right-radius:30px;border-bottom-left-radius:30px;border-bottom-right-radius:30px;background-color:#57a3dc\"><strong>USG stawu (barkowego, kolanowego, skokowego, \u0142okciowego, biodrowego) &#8211; obejmuje jeden staw<\/strong><\/h4>\n\n\n\n<h4 class=\"wp-block-heading is-style-default has-background has-medium-font-size\" style=\"border-top-left-radius:30px;border-top-right-radius:30px;border-bottom-left-radius:30px;border-bottom-right-radius:30px;background-color:#57a3dc\"><strong>USG staw\u00f3w r\u0119ki lub stopy- obejmuje jedn\u0105 okolic\u0119<\/strong><\/h4>\n\n\n\n<h4 class=\"wp-block-heading is-style-default has-background has-medium-font-size\" style=\"border-top-left-radius:30px;border-top-right-radius:30px;border-bottom-left-radius:30px;border-bottom-right-radius:30px;background-color:#57a3dc\"><strong>USG mi\u0119\u015bni ko\u0144czyny-obejmuje jedn\u0105 okolic\u0119<\/strong><\/h4>\n\n\n\n<h4 class=\"wp-block-heading is-style-default has-background has-medium-font-size\" style=\"border-top-left-radius:30px;border-top-right-radius:30px;border-bottom-left-radius:30px;border-bottom-right-radius:30px;background-color:#57a3dc\"><strong>USG \u015bci\u0119gien, np. \u015bci\u0119gna Achillesa- obejmuje jedno \u015bci\u0119gno<\/strong><\/h4>\n<\/div>\n<\/div>\n<\/div>\n\n\n\n<div data-wp-context=\"{ &quot;autoclose&quot;: false, &quot;accordionItems&quot;: [] }\" data-wp-interactive=\"core\/accordion\" role=\"group\" class=\"wp-block-accordion is-layout-flow wp-block-accordion-is-layout-flow\">\n<div data-wp-class--is-open=\"state.isOpen\" data-wp-context=\"{ &quot;id&quot;: &quot;accordion-item-4&quot;, &quot;openByDefault&quot;: false }\" data-wp-init=\"callbacks.initAccordionItems\" data-wp-on-window--hashchange=\"callbacks.hashChange\" class=\"wp-block-accordion-item is-layout-flow wp-block-accordion-item-is-layout-flow\">\n<h3 class=\"wp-block-accordion-heading has-contrast-color has-text-color has-link-color wp-elements-577cd1a60d03fe10b2c01eab8ca519ed\"><button aria-expanded=\"false\" aria-controls=\"accordion-item-4-panel\" data-wp-bind--aria-expanded=\"state.isOpen\" data-wp-on--click=\"actions.toggle\" data-wp-on--keydown=\"actions.handleKeyDown\" id=\"accordion-item-4\" type=\"button\" class=\"wp-block-accordion-heading__toggle\"><span class=\"wp-block-accordion-heading__toggle-title\"><strong>USG DOPPLER<\/strong><\/span><span class=\"wp-block-accordion-heading__toggle-icon\" aria-hidden=\"true\">+<\/span><\/button><\/h3>\n\n\n\n<div inert aria-labelledby=\"accordion-item-4\" data-wp-bind--inert=\"!state.isOpen\" id=\"accordion-item-4-panel\" role=\"region\" class=\"wp-block-accordion-panel is-layout-flow wp-block-accordion-panel-is-layout-flow\">\n<h2 class=\"wp-block-heading has-background has-medium-font-size\" style=\"border-top-left-radius:30px;border-top-right-radius:30px;border-bottom-left-radius:30px;border-bottom-right-radius:30px;background-color:#57a3dc\"><strong>USG Doppler t\u0119tnic szyjnych i kr\u0119gowych<\/strong><\/h2>\n\n\n\n<h2 class=\"wp-block-heading has-background has-medium-font-size\" style=\"border-top-left-radius:30px;border-top-right-radius:30px;border-bottom-left-radius:30px;border-bottom-right-radius:30px;background-color:#57a3dc\"><strong>USG Doppler \u017cy\u0142 ko\u0144czyn dolnych oraz \u017cy\u0142 biodrowych i \u017c. g\u0142\u00f3wnej dolnej<\/strong><\/h2>\n\n\n\n<h2 class=\"wp-block-heading has-background has-medium-font-size\" style=\"border-top-left-radius:30px;border-top-right-radius:30px;border-bottom-left-radius:30px;border-bottom-right-radius:30px;background-color:#57a3dc\"><strong>USG Doppler \u017cy\u0142 ko\u0144czyn g\u00f3rnych<\/strong><\/h2>\n\n\n\n<h2 class=\"wp-block-heading has-background has-medium-font-size\" style=\"border-top-left-radius:30px;border-top-right-radius:30px;border-bottom-left-radius:30px;border-bottom-right-radius:30px;background-color:#57a3dc\"><strong>USG DopplerUSG Doppler t\u0119tnic ko\u0144czyn dolnych oraz tt. biodrowych i aorty brzusznej <\/strong><\/h2>\n\n\n\n<h2 class=\"wp-block-heading has-background has-medium-font-size\" style=\"border-top-left-radius:30px;border-top-right-radius:30px;border-bottom-left-radius:30px;border-bottom-right-radius:30px;background-color:#57a3dc\"><strong>USGUSG Doppler t\u0119tnic ko\u0144czyn dolnych Doppler <\/strong><\/h2>\n\n\n\n<h2 class=\"wp-block-heading has-background has-medium-font-size\" style=\"border-top-left-radius:30px;border-top-right-radius:30px;border-bottom-left-radius:30px;border-bottom-right-radius:30px;background-color:#57a3dc\"><strong>USG DopplerUSG Doppler t\u0119tnic nerkowych <\/strong><\/h2>\n\n\n\n<h2 class=\"wp-block-heading has-background has-medium-font-size\" style=\"border-top-left-radius:30px;border-top-right-radius:30px;border-bottom-left-radius:30px;border-bottom-right-radius:30px;background-color:#57a3dc\"><strong>USG DopplUSG Doppler \u017cy\u0142 uk\u0142adu wrotnegoer <\/strong><\/h2>\n<\/div>\n<\/div>\n<\/div>\n<\/div>\n\n\n\n<div class=\"wp-block-column is-layout-flow wp-block-column-is-layout-flow\">\n<h2 class=\"wp-block-heading is-style-text-annotation has-text-color has-link-color has-large-font-size wp-elements-a2383c69c5df8b6c0b3bf25b12fccae6 is-style-text-annotation--5\" style=\"color:#57a3dc\"><strong>Przygotowanie do badania USG <\/strong><\/h2>\n\n\n\n<div data-wp-context=\"{ &quot;autoclose&quot;: false, &quot;accordionItems&quot;: [] }\" data-wp-interactive=\"core\/accordion\" role=\"group\" class=\"wp-block-accordion is-layout-flow wp-block-accordion-is-layout-flow\">\n<div data-wp-class--is-open=\"state.isOpen\" data-wp-context=\"{ &quot;id&quot;: &quot;accordion-item-8&quot;, &quot;openByDefault&quot;: false }\" data-wp-init=\"callbacks.initAccordionItems\" data-wp-on-window--hashchange=\"callbacks.hashChange\" class=\"wp-block-accordion-item is-layout-flow wp-block-accordion-item-is-layout-flow\">\n<h3 class=\"wp-block-accordion-heading\"><button aria-expanded=\"false\" aria-controls=\"accordion-item-8-panel\" data-wp-bind--aria-expanded=\"state.isOpen\" data-wp-on--click=\"actions.toggle\" data-wp-on--keydown=\"actions.handleKeyDown\" id=\"accordion-item-8\" type=\"button\" class=\"wp-block-accordion-heading__toggle\"><span class=\"wp-block-accordion-heading__toggle-title\"><strong>USG jamy brzusznej<\/strong><\/span><span class=\"wp-block-accordion-heading__toggle-icon\" aria-hidden=\"true\">+<\/span><\/button><\/h3>\n\n\n\n<div inert aria-labelledby=\"accordion-item-8\" data-wp-bind--inert=\"!state.isOpen\" id=\"accordion-item-8-panel\" role=\"region\" class=\"wp-block-accordion-panel is-layout-flow wp-block-accordion-panel-is-layout-flow\">\n<h2 class=\"wp-block-heading is-style-text-annotation has-text-color has-link-color has-large-font-size wp-elements-06d926501131f9798b4e6e640dad454d is-style-text-annotation--6\" style=\"color:#57a3dc\"><strong>Doro\u015bli<\/strong><\/h2>\n\n\n\n<p class=\"has-contrast-color has-text-color has-link-color has-large-font-size wp-elements-4e35878b6a0f578f66758f9f72c2e777\">Przed badaniem nale\u017cy pozostawa\u0107 na czczo przez minimum 5 godzin.&nbsp;<\/p>\n\n\n\n<p class=\"has-contrast-color has-text-color has-link-color has-large-font-size wp-elements-3a1789ef17d0e6ae1d255b1b105427cf\">U os\u00f3b, kt\u00f3re maj\u0105 problem ze wzd\u0119ciami zalecane jest przyj\u0119cie preparatu Espumisan (dost\u0119pnego bez recepty) \u2013 w dniu poprzedzaj\u0105cym badanie 3 razy dziennie 2 tabletki, a w dniu badania 2 tabletki rano.<\/p>\n\n\n\n<p class=\"has-contrast-color has-text-color has-link-color has-large-font-size wp-elements-1c74cfbfe34ccd269fcb4136ead1d75e\">Dwie godziny przed planowanym badaniem nale\u017cy opr\u00f3\u017cni\u0107 p\u0119cherz moczowy, a nast\u0119pnie od razu wypi\u0107 2 szklanki niegazowanej wody i wytrzyma\u0107 z oddawaniem moczu a\u017c do momentu badania.<\/p>\n\n\n\n<p class=\"has-contrast-color has-text-color has-link-color has-large-font-size wp-elements-26faf1775593116e235e7c9e6d93c92e\">U os\u00f3b kt\u00f3re maj\u0105 problemy z utrzymaniem moczu \u2013 najlepiej opr\u00f3\u017cni\u0107 p\u0119cherz moczowy na&nbsp; godzin\u0119 przed badaniem, a nast\u0119pnie wypi\u0107 dwie szklanki wody.<\/p>\n\n\n\n<h2 class=\"wp-block-heading is-style-text-annotation has-text-color has-link-color has-large-font-size wp-elements-b2734e4c89a5d7308379ae10c6b5705d is-style-text-annotation--7\" style=\"color:#57a3dc\"><strong>Dzieci<\/strong><\/h2>\n\n\n\n<p class=\"has-large-font-size\">Dzieci poni\u017cej 3 lat -nie wymagaj\u0105 przygotowania<\/p>\n\n\n\n<p class=\"has-large-font-size\">Dzieci 3-10 lat najlepiej na czczo 3 godziny przed badaniem<\/p>\n\n\n\n<p class=\"has-large-font-size\">Dzieci powy\u017cej 10 lat powinny by\u0107 przygotowane do badania tak jak osoby doros\u0142e.<\/p>\n<\/div>\n<\/div>\n<\/div>\n\n\n\n<p> <\/p>\n\n\n\n<div data-wp-context=\"{ &quot;autoclose&quot;: false, &quot;accordionItems&quot;: [] }\" data-wp-interactive=\"core\/accordion\" role=\"group\" class=\"wp-block-accordion is-layout-flow wp-block-accordion-is-layout-flow\">\n<div data-wp-class--is-open=\"state.isOpen\" data-wp-context=\"{ &quot;id&quot;: &quot;accordion-item-9&quot;, &quot;openByDefault&quot;: false }\" data-wp-init=\"callbacks.initAccordionItems\" data-wp-on-window--hashchange=\"callbacks.hashChange\" class=\"wp-block-accordion-item is-layout-flow wp-block-accordion-item-is-layout-flow\">\n<h3 class=\"wp-block-accordion-heading\"><button aria-expanded=\"false\" aria-controls=\"accordion-item-9-panel\" data-wp-bind--aria-expanded=\"state.isOpen\" data-wp-on--click=\"actions.toggle\" data-wp-on--keydown=\"actions.handleKeyDown\" id=\"accordion-item-9\" type=\"button\" class=\"wp-block-accordion-heading__toggle\"><span class=\"wp-block-accordion-heading__toggle-title\"><strong><strong>UDP t\u0119tnic ko\u0144czyn dolnych (w tym aorty, t\u0119tnic biodrowych) i\u00a0UDP t\u0119tnic nerkowych<\/strong><\/strong><\/span><span class=\"wp-block-accordion-heading__toggle-icon\" aria-hidden=\"true\">+<\/span><\/button><\/h3>\n\n\n\n<div inert aria-labelledby=\"accordion-item-9\" data-wp-bind--inert=\"!state.isOpen\" id=\"accordion-item-9-panel\" role=\"region\" class=\"wp-block-accordion-panel is-layout-flow wp-block-accordion-panel-is-layout-flow\">\n<p>Przed badaniem nale\u017cy pozostawa\u0107 na czczo przez minimum 5 godzin.&nbsp;<\/p>\n\n\n\n<p>U os\u00f3b, kt\u00f3re maj\u0105 problem ze wzd\u0119ciami zalecane jest przyj\u0119cie preparatu Espumisan (dost\u0119pnego bez recepty) \u2013 w dniu poprzedzaj\u0105cym badanie 3 razy dziennie 2 tabletki, a w dniu badania 2 tabletki rano.<\/p>\n<\/div>\n<\/div>\n<\/div>\n\n\n\n<div data-wp-context=\"{ &quot;autoclose&quot;: false, &quot;accordionItems&quot;: [] }\" data-wp-interactive=\"core\/accordion\" role=\"group\" class=\"wp-block-accordion is-layout-flow wp-block-accordion-is-layout-flow\">\n<div data-wp-class--is-open=\"state.isOpen\" data-wp-context=\"{ &quot;id&quot;: &quot;accordion-item-10&quot;, &quot;openByDefault&quot;: false }\" data-wp-init=\"callbacks.initAccordionItems\" data-wp-on-window--hashchange=\"callbacks.hashChange\" class=\"wp-block-accordion-item is-layout-flow wp-block-accordion-item-is-layout-flow\">\n<h3 class=\"wp-block-accordion-heading\"><button aria-expanded=\"false\" aria-controls=\"accordion-item-10-panel\" data-wp-bind--aria-expanded=\"state.isOpen\" data-wp-on--click=\"actions.toggle\" data-wp-on--keydown=\"actions.handleKeyDown\" id=\"accordion-item-10\" type=\"button\" class=\"wp-block-accordion-heading__toggle\"><span class=\"wp-block-accordion-heading__toggle-title\"><strong>Pozosta\u0142e badania USG i\u00a0UDP nie wymagaj\u0105 wcze\u015bniejszego przygotowania<\/strong><\/span><span class=\"wp-block-accordion-heading__toggle-icon\" aria-hidden=\"true\">+<\/span><\/button><\/h3>\n\n\n\n<div inert aria-labelledby=\"accordion-item-10\" data-wp-bind--inert=\"!state.isOpen\" id=\"accordion-item-10-panel\" role=\"region\" class=\"wp-block-accordion-panel is-layout-flow wp-block-accordion-panel-is-layout-flow\">\n<p><\/p>\n<\/div>\n<\/div>\n<\/div>\n\n\n\n<p>Prosz\u0119 r\u00f3wnie\u017c zabra\u0107 ze sob\u0105 na wizyt\u0119 wyniki poprzednich bada\u0144 diagnostycznych- USG, TK.<\/p>\n<\/div>\n<\/div>\n\n\n\n<p><\/p>\n","protected":false},"excerpt":{"rendered":"<p>Badania diagnostyczne USG USG DOPPLER INNE ( konsultacje wykonanych bada\u0144 RTG, TK i MR) Istnieje mo\u017cliwo\u015b\u0107 komunikacji w j\u0119zyku angielskim i niemieckim. Rodzaje wykonywanych bada\u0144 Przygotowanie do badania USG Prosz\u0119 r\u00f3wnie\u017c zabra\u0107 ze sob\u0105 na wizyt\u0119 wyniki poprzednich bada\u0144 diagnostycznych- USG, TK.<\/p>\n","protected":false},"author":1,"featured_media":0,"parent":2,"menu_order":1,"comment_status":"closed","ping_status":"closed","template":"page-no-title","meta":{"footnotes":""},"class_list":["post-17","page","type-page","status-publish","hentry"],"yoast_head":"<!-- This site is optimized with the Yoast SEO plugin v27.2 - https:\/\/yoast.com\/product\/yoast-seo-wordpress\/ -->\n<title>USG - USG Doppler Opole Medlex<\/title>\n<meta name=\"robots\" content=\"index, follow, max-snippet:-1, max-image-preview:large, max-video-preview:-1\" \/>\n<link rel=\"canonical\" href=\"https:\/\/usgmedlex.opole.pl\/?page_id=17\" \/>\n<meta property=\"og:locale\" content=\"pl_PL\" \/>\n<meta property=\"og:type\" content=\"article\" \/>\n<meta property=\"og:title\" content=\"USG - USG Doppler Opole Medlex\" \/>\n<meta property=\"og:description\" content=\"Badania diagnostyczne USG USG DOPPLER INNE ( konsultacje wykonanych bada\u0144 RTG, TK i MR) Istnieje mo\u017cliwo\u015b\u0107 komunikacji w j\u0119zyku angielskim i niemieckim. Rodzaje wykonywanych bada\u0144 Przygotowanie do badania USG Prosz\u0119 r\u00f3wnie\u017c zabra\u0107 ze sob\u0105 na wizyt\u0119 wyniki poprzednich bada\u0144 diagnostycznych- USG, TK.\" \/>\n<meta property=\"og:url\" content=\"https:\/\/usgmedlex.opole.pl\/?page_id=17\" \/>\n<meta property=\"og:site_name\" content=\"USG Doppler Opole Medlex\" \/>\n<meta property=\"article:modified_time\" content=\"2026-03-01T16:20:55+00:00\" \/>\n<meta name=\"twitter:card\" content=\"summary_large_image\" \/>\n<meta name=\"twitter:label1\" content=\"Szacowany czas czytania\" \/>\n\t<meta name=\"twitter:data1\" content=\"3 minuty\" \/>\n<script type=\"application\/ld+json\" class=\"yoast-schema-graph\">{\"@context\":\"https:\/\/schema.org\",\"@graph\":[{\"@type\":\"WebPage\",\"@id\":\"https:\/\/usgmedlex.opole.pl\/?page_id=17\",\"url\":\"https:\/\/usgmedlex.opole.pl\/?page_id=17\",\"name\":\"USG - USG Doppler Opole Medlex\",\"isPartOf\":{\"@id\":\"https:\/\/usgmedlex.opole.pl\/#website\"},\"datePublished\":\"2026-03-01T12:27:20+00:00\",\"dateModified\":\"2026-03-01T16:20:55+00:00\",\"breadcrumb\":{\"@id\":\"https:\/\/usgmedlex.opole.pl\/?page_id=17#breadcrumb\"},\"inLanguage\":\"pl-PL\",\"potentialAction\":[{\"@type\":\"ReadAction\",\"target\":[\"https:\/\/usgmedlex.opole.pl\/?page_id=17\"]}]},{\"@type\":\"BreadcrumbList\",\"@id\":\"https:\/\/usgmedlex.opole.pl\/?page_id=17#breadcrumb\",\"itemListElement\":[{\"@type\":\"ListItem\",\"position\":1,\"name\":\"Strona g\u0142\u00f3wna\",\"item\":\"https:\/\/usgmedlex.opole.pl\/\"},{\"@type\":\"ListItem\",\"position\":2,\"name\":\"Strona g\u0142\u00f3wna\",\"item\":\"https:\/\/usgmedlex.opole.pl\/\"},{\"@type\":\"ListItem\",\"position\":3,\"name\":\"USG\"}]},{\"@type\":\"WebSite\",\"@id\":\"https:\/\/usgmedlex.opole.pl\/#website\",\"url\":\"https:\/\/usgmedlex.opole.pl\/\",\"name\":\"MEDLEX USG Opole\",\"description\":\"USG Doppler Opole Medlex\",\"publisher\":{\"@id\":\"https:\/\/usgmedlex.opole.pl\/#organization\"},\"potentialAction\":[{\"@type\":\"SearchAction\",\"target\":{\"@type\":\"EntryPoint\",\"urlTemplate\":\"https:\/\/usgmedlex.opole.pl\/?s={search_term_string}\"},\"query-input\":{\"@type\":\"PropertyValueSpecification\",\"valueRequired\":true,\"valueName\":\"search_term_string\"}}],\"inLanguage\":\"pl-PL\"},{\"@type\":\"Organization\",\"@id\":\"https:\/\/usgmedlex.opole.pl\/#organization\",\"name\":\"MEDLEX\",\"url\":\"https:\/\/usgmedlex.opole.pl\/\",\"logo\":{\"@type\":\"ImageObject\",\"inLanguage\":\"pl-PL\",\"@id\":\"https:\/\/usgmedlex.opole.pl\/#\/schema\/logo\/image\/\",\"url\":\"https:\/\/usgmedlex.opole.pl\/wp-content\/uploads\/2026\/03\/logo-v2a-20260202.png\",\"contentUrl\":\"https:\/\/usgmedlex.opole.pl\/wp-content\/uploads\/2026\/03\/logo-v2a-20260202.png\",\"width\":890,\"height\":184,\"caption\":\"MEDLEX\"},\"image\":{\"@id\":\"https:\/\/usgmedlex.opole.pl\/#\/schema\/logo\/image\/\"}}]}<\/script>\n<!-- \/ Yoast SEO plugin. -->","yoast_head_json":{"title":"USG - USG Doppler Opole Medlex","robots":{"index":"index","follow":"follow","max-snippet":"max-snippet:-1","max-image-preview":"max-image-preview:large","max-video-preview":"max-video-preview:-1"},"canonical":"https:\/\/usgmedlex.opole.pl\/?page_id=17","og_locale":"pl_PL","og_type":"article","og_title":"USG - USG Doppler Opole Medlex","og_description":"Badania diagnostyczne USG USG DOPPLER INNE ( konsultacje wykonanych bada\u0144 RTG, TK i MR) Istnieje mo\u017cliwo\u015b\u0107 komunikacji w j\u0119zyku angielskim i niemieckim. Rodzaje wykonywanych bada\u0144 Przygotowanie do badania USG Prosz\u0119 r\u00f3wnie\u017c zabra\u0107 ze sob\u0105 na wizyt\u0119 wyniki poprzednich bada\u0144 diagnostycznych- USG, TK.","og_url":"https:\/\/usgmedlex.opole.pl\/?page_id=17","og_site_name":"USG Doppler Opole Medlex","article_modified_time":"2026-03-01T16:20:55+00:00","twitter_card":"summary_large_image","twitter_misc":{"Szacowany czas czytania":"3 minuty"},"schema":{"@context":"https:\/\/schema.org","@graph":[{"@type":"WebPage","@id":"https:\/\/usgmedlex.opole.pl\/?page_id=17","url":"https:\/\/usgmedlex.opole.pl\/?page_id=17","name":"USG - USG Doppler Opole Medlex","isPartOf":{"@id":"https:\/\/usgmedlex.opole.pl\/#website"},"datePublished":"2026-03-01T12:27:20+00:00","dateModified":"2026-03-01T16:20:55+00:00","breadcrumb":{"@id":"https:\/\/usgmedlex.opole.pl\/?page_id=17#breadcrumb"},"inLanguage":"pl-PL","potentialAction":[{"@type":"ReadAction","target":["https:\/\/usgmedlex.opole.pl\/?page_id=17"]}]},{"@type":"BreadcrumbList","@id":"https:\/\/usgmedlex.opole.pl\/?page_id=17#breadcrumb","itemListElement":[{"@type":"ListItem","position":1,"name":"Strona g\u0142\u00f3wna","item":"https:\/\/usgmedlex.opole.pl\/"},{"@type":"ListItem","position":2,"name":"Strona g\u0142\u00f3wna","item":"https:\/\/usgmedlex.opole.pl\/"},{"@type":"ListItem","position":3,"name":"USG"}]},{"@type":"WebSite","@id":"https:\/\/usgmedlex.opole.pl\/#website","url":"https:\/\/usgmedlex.opole.pl\/","name":"MEDLEX USG Opole","description":"USG Doppler Opole Medlex","publisher":{"@id":"https:\/\/usgmedlex.opole.pl\/#organization"},"potentialAction":[{"@type":"SearchAction","target":{"@type":"EntryPoint","urlTemplate":"https:\/\/usgmedlex.opole.pl\/?s={search_term_string}"},"query-input":{"@type":"PropertyValueSpecification","valueRequired":true,"valueName":"search_term_string"}}],"inLanguage":"pl-PL"},{"@type":"Organization","@id":"https:\/\/usgmedlex.opole.pl\/#organization","name":"MEDLEX","url":"https:\/\/usgmedlex.opole.pl\/","logo":{"@type":"ImageObject","inLanguage":"pl-PL","@id":"https:\/\/usgmedlex.opole.pl\/#\/schema\/logo\/image\/","url":"https:\/\/usgmedlex.opole.pl\/wp-content\/uploads\/2026\/03\/logo-v2a-20260202.png","contentUrl":"https:\/\/usgmedlex.opole.pl\/wp-content\/uploads\/2026\/03\/logo-v2a-20260202.png","width":890,"height":184,"caption":"MEDLEX"},"image":{"@id":"https:\/\/usgmedlex.opole.pl\/#\/schema\/logo\/image\/"}}]}},"_links":{"self":[{"href":"https:\/\/usgmedlex.opole.pl\/index.php?rest_route=\/wp\/v2\/pages\/17","targetHints":{"allow":["GET"]}}],"collection":[{"href":"https:\/\/usgmedlex.opole.pl\/index.php?rest_route=\/wp\/v2\/pages"}],"about":[{"href":"https:\/\/usgmedlex.opole.pl\/index.php?rest_route=\/wp\/v2\/types\/page"}],"author":[{"embeddable":true,"href":"https:\/\/usgmedlex.opole.pl\/index.php?rest_route=\/wp\/v2\/users\/1"}],"replies":[{"embeddable":true,"href":"https:\/\/usgmedlex.opole.pl\/index.php?rest_route=%2Fwp%2Fv2%2Fcomments&post=17"}],"version-history":[{"count":34,"href":"https:\/\/usgmedlex.opole.pl\/index.php?rest_route=\/wp\/v2\/pages\/17\/revisions"}],"predecessor-version":[{"id":158,"href":"https:\/\/usgmedlex.opole.pl\/index.php?rest_route=\/wp\/v2\/pages\/17\/revisions\/158"}],"up":[{"embeddable":true,"href":"https:\/\/usgmedlex.opole.pl\/index.php?rest_route=\/wp\/v2\/pages\/2"}],"wp:attachment":[{"href":"https:\/\/usgmedlex.opole.pl\/index.php?rest_route=%2Fwp%2Fv2%2Fmedia&parent=17"}],"curies":[{"name":"wp","href":"https:\/\/api.w.org\/{rel}","templated":true}]}}